{"id":9814,"date":"2019-12-03T15:26:55","date_gmt":"2019-12-03T14:26:55","guid":{"rendered":"https:\/\/tse.gastro-mis.de\/tse\/?post_type=product&#038;p=9814"},"modified":"2026-04-15T16:31:00","modified_gmt":"2026-04-15T14:31:00","slug":"microsd-tse-modul-micro-sd-5-jahre","status":"publish","type":"product","link":"https:\/\/tse.gastro-mis.de\/tse\/produkt\/microsd-tse-modul-micro-sd-5-jahre\/","title":{"rendered":"microSD-TSE Modul (5 Jahre &#8211; Sonderangebot f\u00fcr 4 Jahre)"},"content":{"rendered":"<p style=\"text-align: center;\"><strong>Kurzfristiges Angebot, microSD &#8211; TSE mit reduzierter Zertifikatslaufzeit, mind. 4 Jahre. 50\u20ac reduziert!<\/strong><\/p>\n<p>&nbsp;<\/p>\n<p>Finale Version der nach TR 3153 zertifizierten microSD-TSE f\u00fcr den deutschen Kassenmarkt. Mit diesem Modul erf\u00fcllen Sie die Kassensicherungsverordnung, bzw. die Neuregelung des \u00a7146a der Abgabenordnung. Individualisiertes Produkt, vom Umtausch ausgeschlossen, vom Widerrufsrecht ausgenommen. Dieses Produkt wird nicht einzeln verpackt, revocation passwords nur auf Anfrage.<\/p>\n<p>Das Zertifikat des BSI gem\u00e4\u00df TR 3153 finden Sie hier: <a href=\"https:\/\/www.swissbit.com\/files\/public\/Documents\/Marketing\/BSI-K-TR-0362-2019.pdf\">https:\/\/www.swissbit.com\/files\/public\/Documents\/Marketing\/BSI-K-TR-0362-2019.pdf<\/a><\/p>\n<p><a href=\"http:\/\/tse.gastro-mis.de\/tse\/wp-content\/uploads\/2019\/12\/SWISSBIT-Flyer.pdf\">SWISSBIT Flyer<\/a><\/p>\n<p><strong>Wir k\u00f6nnen keine Kompatibilit\u00e4t mit einzelnen Kassensystemen beurteilen. Ob diese TSE mit Ihrem Kassensystem funktioniert, erfragen Sie bitte bei Ihrem Kassenh\u00e4ndler\/Hersteller.\u00a0<\/strong><\/p>\n<p>Die Swissbit microSD-TSE kombiniert die \u201eKryptografische Einheit\u201c (Cryptographic-Service-Provider (CSP) und die Applikation &#8222;Security Module Application for Electronic Record-keeping Systems\u201c (SMAERS)&#8220; mit den Zertifikaten und dem Speichermedium. 8 GB NAND Speicher stehen sowohl f\u00fcr den sicheren Fiskalspeicher zum Signieren der Fiskal-Transaktionen als auch f\u00fcr frei nutzbaren Anwenderspeicher zur Verf\u00fcgung. Letzterer kann vom System f\u00fcr sonstige Aufgaben genutzt werden. Die digitale Schnittstelle behandelt die Erfassung der Transaktionen, den sicheren Export der Fiskaldaten und die Administration des TSE. Mit der Swissbit TSE steht den Kassenherstellern nun eine L\u00f6sung zur Verf\u00fcgung, die \u00fcber die USB-, SD- oder microSD-Schnittstelle praktisch in jedes Kassensystem gesteckt und somit sehr einfach integriert und auch nachger\u00fcstet werden kann.<\/p>\n<p>&nbsp;<\/p>\n","protected":false},"excerpt":{"rendered":"<p>Kurzfristiges Angebot, microSD &#8211; TSE mit reduzierter Zertifikatslaufzeit, mind. 4 Jahre. 50\u20ac reduziert! &nbsp; Finale<\/p>\n","protected":false},"featured_media":11932,"template":"","meta":[],"product_brand":[],"product_cat":[28],"product_tag":[22,23,24,21],"class_list":{"0":"post-9814","1":"product","2":"type-product","3":"status-publish","4":"has-post-thumbnail","6":"product_cat-tse-5-jahre-laufzeit","7":"product_tag-kasse","8":"product_tag-modul","9":"product_tag-sicherheit","10":"product_tag-tse","12":"first","13":"instock","14":"taxable","15":"shipping-taxable","16":"purchasable","17":"product-type-simple"},"yoast_head":"<!-- This site is optimized with the Yoast SEO plugin v25.8 - https:\/\/yoast.com\/wordpress\/plugins\/seo\/ -->\n<title>microSD-TSE Modul (5 Jahre - Sonderangebot f\u00fcr 4 Jahre) Gastro-MIS TSE<\/title>\n<meta name=\"description\" content=\"microSD-TSE-Modul gem\u00e4\u00df Kassensicherungsverordnung, H\u00e4ndler-Konditionen sind auf Anfrage verf\u00fcgbar. Wir Liefern Versandkostenfrei ab 20 Modulen.\" \/>\n<meta name=\"robots\" content=\"index, follow, max-snippet:-1, max-image-preview:large, max-video-preview:-1\" \/>\n<link rel=\"canonical\" href=\"https:\/\/tse.gastro-mis.de\/tse\/produkt\/microsd-tse-modul-micro-sd-5-jahre\/\" \/>\n<meta property=\"og:locale\" content=\"de_DE\" \/>\n<meta property=\"og:type\" content=\"article\" \/>\n<meta property=\"og:title\" content=\"microSD-TSE Modul (5 Jahre - Sonderangebot f\u00fcr 4 Jahre) Gastro-MIS TSE\" \/>\n<meta property=\"og:description\" content=\"microSD-TSE-Modul gem\u00e4\u00df Kassensicherungsverordnung, H\u00e4ndler-Konditionen sind auf Anfrage verf\u00fcgbar. Wir Liefern Versandkostenfrei ab 20 Modulen.\" \/>\n<meta property=\"og:url\" content=\"https:\/\/tse.gastro-mis.de\/tse\/produkt\/microsd-tse-modul-micro-sd-5-jahre\/\" \/>\n<meta property=\"og:site_name\" content=\"Gastro-MIS TSE\" \/>\n<meta property=\"article:modified_time\" content=\"2026-04-15T14:31:00+00:00\" \/>\n<meta property=\"og:image\" content=\"https:\/\/tse.gastro-mis.de\/tse\/wp-content\/uploads\/2019\/12\/swissbit_microsd.jpg\" \/>\n\t<meta property=\"og:image:width\" content=\"800\" \/>\n\t<meta property=\"og:image:height\" content=\"600\" \/>\n\t<meta property=\"og:image:type\" content=\"image\/jpeg\" \/>\n<meta name=\"twitter:card\" content=\"summary_large_image\" \/>\n<meta name=\"twitter:label1\" content=\"Gesch\u00e4tzte Lesezeit\" \/>\n\t<meta name=\"twitter:data1\" content=\"2\u00a0Minuten\" \/>\n<script type=\"application\/ld+json\" class=\"yoast-schema-graph\">{\"@context\":\"https:\/\/schema.org\",\"@graph\":[{\"@type\":\"WebPage\",\"@id\":\"https:\/\/tse.gastro-mis.de\/tse\/produkt\/microsd-tse-modul-micro-sd-5-jahre\/\",\"url\":\"https:\/\/tse.gastro-mis.de\/tse\/produkt\/microsd-tse-modul-micro-sd-5-jahre\/\",\"name\":\"microSD-TSE Modul (5 Jahre - Sonderangebot f\u00fcr 4 Jahre) Gastro-MIS TSE\",\"isPartOf\":{\"@id\":\"https:\/\/tse.gastro-mis.de\/tse\/#website\"},\"primaryImageOfPage\":{\"@id\":\"https:\/\/tse.gastro-mis.de\/tse\/produkt\/microsd-tse-modul-micro-sd-5-jahre\/#primaryimage\"},\"image\":{\"@id\":\"https:\/\/tse.gastro-mis.de\/tse\/produkt\/microsd-tse-modul-micro-sd-5-jahre\/#primaryimage\"},\"thumbnailUrl\":\"https:\/\/tse.gastro-mis.de\/tse\/wp-content\/uploads\/2019\/12\/swissbit_microsd.jpg\",\"datePublished\":\"2019-12-03T14:26:55+00:00\",\"dateModified\":\"2026-04-15T14:31:00+00:00\",\"description\":\"microSD-TSE-Modul gem\u00e4\u00df Kassensicherungsverordnung, H\u00e4ndler-Konditionen sind auf Anfrage verf\u00fcgbar. Wir Liefern Versandkostenfrei ab 20 Modulen.\",\"breadcrumb\":{\"@id\":\"https:\/\/tse.gastro-mis.de\/tse\/produkt\/microsd-tse-modul-micro-sd-5-jahre\/#breadcrumb\"},\"inLanguage\":\"de\",\"potentialAction\":[{\"@type\":\"ReadAction\",\"target\":[\"https:\/\/tse.gastro-mis.de\/tse\/produkt\/microsd-tse-modul-micro-sd-5-jahre\/\"]}]},{\"@type\":\"ImageObject\",\"inLanguage\":\"de\",\"@id\":\"https:\/\/tse.gastro-mis.de\/tse\/produkt\/microsd-tse-modul-micro-sd-5-jahre\/#primaryimage\",\"url\":\"https:\/\/tse.gastro-mis.de\/tse\/wp-content\/uploads\/2019\/12\/swissbit_microsd.jpg\",\"contentUrl\":\"https:\/\/tse.gastro-mis.de\/tse\/wp-content\/uploads\/2019\/12\/swissbit_microsd.jpg\",\"width\":800,\"height\":600},{\"@type\":\"BreadcrumbList\",\"@id\":\"https:\/\/tse.gastro-mis.de\/tse\/produkt\/microsd-tse-modul-micro-sd-5-jahre\/#breadcrumb\",\"itemListElement\":[{\"@type\":\"ListItem\",\"position\":1,\"name\":\"Startseite\",\"item\":\"https:\/\/tse.gastro-mis.de\/tse\/\"},{\"@type\":\"ListItem\",\"position\":2,\"name\":\"Shop\",\"item\":\"https:\/\/tse.gastro-mis.de\/tse\/shop\/\"},{\"@type\":\"ListItem\",\"position\":3,\"name\":\"microSD-TSE Modul (5 Jahre &#8211; Sonderangebot f\u00fcr 4 Jahre)\"}]},{\"@type\":\"WebSite\",\"@id\":\"https:\/\/tse.gastro-mis.de\/tse\/#website\",\"url\":\"https:\/\/tse.gastro-mis.de\/tse\/\",\"name\":\"Gastro-MIS TSE\",\"description\":\"TSE Module f\u00fcr Gastronomie\",\"publisher\":{\"@id\":\"https:\/\/tse.gastro-mis.de\/tse\/#organization\"},\"potentialAction\":[{\"@type\":\"SearchAction\",\"target\":{\"@type\":\"EntryPoint\",\"urlTemplate\":\"https:\/\/tse.gastro-mis.de\/tse\/?s={search_term_string}\"},\"query-input\":{\"@type\":\"PropertyValueSpecification\",\"valueRequired\":true,\"valueName\":\"search_term_string\"}}],\"inLanguage\":\"de\"},{\"@type\":\"Organization\",\"@id\":\"https:\/\/tse.gastro-mis.de\/tse\/#organization\",\"name\":\"Gastro-MIS GmbH\",\"url\":\"https:\/\/tse.gastro-mis.de\/tse\/\",\"logo\":{\"@type\":\"ImageObject\",\"inLanguage\":\"de\",\"@id\":\"https:\/\/tse.gastro-mis.de\/tse\/#\/schema\/logo\/image\/\",\"url\":\"http:\/\/tse.gastro-mis.de\/tse\/wp-content\/uploads\/2019\/07\/logo-2.png\",\"contentUrl\":\"http:\/\/tse.gastro-mis.de\/tse\/wp-content\/uploads\/2019\/07\/logo-2.png\",\"width\":261,\"height\":50,\"caption\":\"Gastro-MIS GmbH\"},\"image\":{\"@id\":\"https:\/\/tse.gastro-mis.de\/tse\/#\/schema\/logo\/image\/\"}}]}<\/script>\n<!-- \/ Yoast SEO plugin. -->","yoast_head_json":{"title":"microSD-TSE Modul (5 Jahre - Sonderangebot f\u00fcr 4 Jahre) Gastro-MIS TSE","description":"microSD-TSE-Modul gem\u00e4\u00df Kassensicherungsverordnung, H\u00e4ndler-Konditionen sind auf Anfrage verf\u00fcgbar. Wir Liefern Versandkostenfrei ab 20 Modulen.","robots":{"index":"index","follow":"follow","max-snippet":"max-snippet:-1","max-image-preview":"max-image-preview:large","max-video-preview":"max-video-preview:-1"},"canonical":"https:\/\/tse.gastro-mis.de\/tse\/produkt\/microsd-tse-modul-micro-sd-5-jahre\/","og_locale":"de_DE","og_type":"article","og_title":"microSD-TSE Modul (5 Jahre - Sonderangebot f\u00fcr 4 Jahre) Gastro-MIS TSE","og_description":"microSD-TSE-Modul gem\u00e4\u00df Kassensicherungsverordnung, H\u00e4ndler-Konditionen sind auf Anfrage verf\u00fcgbar. Wir Liefern Versandkostenfrei ab 20 Modulen.","og_url":"https:\/\/tse.gastro-mis.de\/tse\/produkt\/microsd-tse-modul-micro-sd-5-jahre\/","og_site_name":"Gastro-MIS TSE","article_modified_time":"2026-04-15T14:31:00+00:00","og_image":[{"width":800,"height":600,"url":"https:\/\/tse.gastro-mis.de\/tse\/wp-content\/uploads\/2019\/12\/swissbit_microsd.jpg","type":"image\/jpeg"}],"twitter_card":"summary_large_image","twitter_misc":{"Gesch\u00e4tzte Lesezeit":"2\u00a0Minuten"},"schema":{"@context":"https:\/\/schema.org","@graph":[{"@type":"WebPage","@id":"https:\/\/tse.gastro-mis.de\/tse\/produkt\/microsd-tse-modul-micro-sd-5-jahre\/","url":"https:\/\/tse.gastro-mis.de\/tse\/produkt\/microsd-tse-modul-micro-sd-5-jahre\/","name":"microSD-TSE Modul (5 Jahre - Sonderangebot f\u00fcr 4 Jahre) Gastro-MIS TSE","isPartOf":{"@id":"https:\/\/tse.gastro-mis.de\/tse\/#website"},"primaryImageOfPage":{"@id":"https:\/\/tse.gastro-mis.de\/tse\/produkt\/microsd-tse-modul-micro-sd-5-jahre\/#primaryimage"},"image":{"@id":"https:\/\/tse.gastro-mis.de\/tse\/produkt\/microsd-tse-modul-micro-sd-5-jahre\/#primaryimage"},"thumbnailUrl":"https:\/\/tse.gastro-mis.de\/tse\/wp-content\/uploads\/2019\/12\/swissbit_microsd.jpg","datePublished":"2019-12-03T14:26:55+00:00","dateModified":"2026-04-15T14:31:00+00:00","description":"microSD-TSE-Modul gem\u00e4\u00df Kassensicherungsverordnung, H\u00e4ndler-Konditionen sind auf Anfrage verf\u00fcgbar. Wir Liefern Versandkostenfrei ab 20 Modulen.","breadcrumb":{"@id":"https:\/\/tse.gastro-mis.de\/tse\/produkt\/microsd-tse-modul-micro-sd-5-jahre\/#breadcrumb"},"inLanguage":"de","potentialAction":[{"@type":"ReadAction","target":["https:\/\/tse.gastro-mis.de\/tse\/produkt\/microsd-tse-modul-micro-sd-5-jahre\/"]}]},{"@type":"ImageObject","inLanguage":"de","@id":"https:\/\/tse.gastro-mis.de\/tse\/produkt\/microsd-tse-modul-micro-sd-5-jahre\/#primaryimage","url":"https:\/\/tse.gastro-mis.de\/tse\/wp-content\/uploads\/2019\/12\/swissbit_microsd.jpg","contentUrl":"https:\/\/tse.gastro-mis.de\/tse\/wp-content\/uploads\/2019\/12\/swissbit_microsd.jpg","width":800,"height":600},{"@type":"BreadcrumbList","@id":"https:\/\/tse.gastro-mis.de\/tse\/produkt\/microsd-tse-modul-micro-sd-5-jahre\/#breadcrumb","itemListElement":[{"@type":"ListItem","position":1,"name":"Startseite","item":"https:\/\/tse.gastro-mis.de\/tse\/"},{"@type":"ListItem","position":2,"name":"Shop","item":"https:\/\/tse.gastro-mis.de\/tse\/shop\/"},{"@type":"ListItem","position":3,"name":"microSD-TSE Modul (5 Jahre &#8211; Sonderangebot f\u00fcr 4 Jahre)"}]},{"@type":"WebSite","@id":"https:\/\/tse.gastro-mis.de\/tse\/#website","url":"https:\/\/tse.gastro-mis.de\/tse\/","name":"Gastro-MIS TSE","description":"TSE Module f\u00fcr Gastronomie","publisher":{"@id":"https:\/\/tse.gastro-mis.de\/tse\/#organization"},"potentialAction":[{"@type":"SearchAction","target":{"@type":"EntryPoint","urlTemplate":"https:\/\/tse.gastro-mis.de\/tse\/?s={search_term_string}"},"query-input":{"@type":"PropertyValueSpecification","valueRequired":true,"valueName":"search_term_string"}}],"inLanguage":"de"},{"@type":"Organization","@id":"https:\/\/tse.gastro-mis.de\/tse\/#organization","name":"Gastro-MIS GmbH","url":"https:\/\/tse.gastro-mis.de\/tse\/","logo":{"@type":"ImageObject","inLanguage":"de","@id":"https:\/\/tse.gastro-mis.de\/tse\/#\/schema\/logo\/image\/","url":"http:\/\/tse.gastro-mis.de\/tse\/wp-content\/uploads\/2019\/07\/logo-2.png","contentUrl":"http:\/\/tse.gastro-mis.de\/tse\/wp-content\/uploads\/2019\/07\/logo-2.png","width":261,"height":50,"caption":"Gastro-MIS GmbH"},"image":{"@id":"https:\/\/tse.gastro-mis.de\/tse\/#\/schema\/logo\/image\/"}}]}},"_links":{"self":[{"href":"https:\/\/tse.gastro-mis.de\/tse\/wp-json\/wp\/v2\/product\/9814","targetHints":{"allow":["GET"]}}],"collection":[{"href":"https:\/\/tse.gastro-mis.de\/tse\/wp-json\/wp\/v2\/product"}],"about":[{"href":"https:\/\/tse.gastro-mis.de\/tse\/wp-json\/wp\/v2\/types\/product"}],"wp:featuredmedia":[{"embeddable":true,"href":"https:\/\/tse.gastro-mis.de\/tse\/wp-json\/wp\/v2\/media\/11932"}],"wp:attachment":[{"href":"https:\/\/tse.gastro-mis.de\/tse\/wp-json\/wp\/v2\/media?parent=9814"}],"wp:term":[{"taxonomy":"product_brand","embeddable":true,"href":"https:\/\/tse.gastro-mis.de\/tse\/wp-json\/wp\/v2\/product_brand?post=9814"},{"taxonomy":"product_cat","embeddable":true,"href":"https:\/\/tse.gastro-mis.de\/tse\/wp-json\/wp\/v2\/product_cat?post=9814"},{"taxonomy":"product_tag","embeddable":true,"href":"https:\/\/tse.gastro-mis.de\/tse\/wp-json\/wp\/v2\/product_tag?post=9814"}],"curies":[{"name":"wp","href":"https:\/\/api.w.org\/{rel}","templated":true}]}}