{"id":5201,"date":"2019-09-23T11:13:37","date_gmt":"2019-09-23T09:13:37","guid":{"rendered":"https:\/\/tse.gastro-mis.de\/tse\/?post_type=product&#038;p=5201"},"modified":"2025-09-01T17:17:04","modified_gmt":"2025-09-01T15:17:04","slug":"amadeusverify","status":"publish","type":"product","link":"https:\/\/tse.gastro-mis.de\/tse\/produkt\/amadeusverify\/","title":{"rendered":"AmadeusVerify"},"content":{"rendered":"<p>Mit AmadeusVerify k\u00f6nnen Sie alle drei Pr\u00fcfungsschritte durchf\u00fchren und somit \u00fcberpr\u00fcfen, ob Sie die TSE richtig angebunden haben und die DSFinV-K korrekt umgesetzt haben:<\/p>\n<ul>\n<li>\u00dcberpr\u00fcfen und validieren des QR-Codes auf dem Bon\/Rechnung<\/li>\n<li>\u00dcberpr\u00fcfen und validieren der TAR-Files, die von der TSE exportiert wurden.<\/li>\n<li>\u00dcberpr\u00fcft und Validieren der DSFinV-K &#8211; Exporte. Au\u00dferdem werden relevante Summen innerhalb des Exports \u00fcberpr\u00fcft.<\/li>\n<li>\u00dcberpr\u00fcft und Validieren der DFKA-Taxonomie &#8211; Exporte. Au\u00dferdem werden relevante Summen innerhalb des Exports \u00fcberpr\u00fcft.<\/li>\n<li>Konvertieren zwischen DSFinV-K und DFKA-Taxononmie in beide Richtungen.<\/li>\n<li>\u00dcberpr\u00fcft und Validieren der DSFinV-TW &#8211; Exporte. Au\u00dferdem werden relevante Summen innerhalb des Exports \u00fcberpr\u00fcft.<\/li>\n<\/ul>\n<p>Systemvoraussetzungen:<\/p>\n<ul>\n<li>Windows 10, Windows 11 oder kompatible Serverbetriebssysteme<\/li>\n<li>.net 4.6<\/li>\n<li>30 MB freier Platz auf der Festplatte<\/li>\n<li>Optional: QR-Code-Scanner mit Tastaturemulation<\/li>\n<\/ul>\n<p>Weitere Informationen zu <a href=\"https:\/\/www.amadeus360.de\/produkte\/amadeusverify\/\">AmadeusVerify<\/a> finden Sie auf unserer Website.<\/p>\n<p>Sie erwerben die Lizenz pro Hardware.<\/p>\n","protected":false},"excerpt":{"rendered":"<p>Mit AmadeusVerify k\u00f6nnen Sie alle drei Pr\u00fcfungsschritte durchf\u00fchren und somit \u00fcberpr\u00fcfen, ob Sie die TSE<\/p>\n","protected":false},"featured_media":5251,"template":"","meta":[],"product_brand":[],"product_cat":[57],"product_tag":[],"class_list":{"0":"post-5201","1":"product","2":"type-product","3":"status-publish","4":"has-post-thumbnail","6":"product_cat-softwareprodukte","8":"first","9":"instock","10":"taxable","11":"shipping-taxable","12":"purchasable","13":"product-type-simple"},"yoast_head":"<!-- This site is optimized with the Yoast SEO plugin v25.8 - https:\/\/yoast.com\/wordpress\/plugins\/seo\/ -->\n<title>AmadeusVerify &#8226; Gastro-MIS TSE<\/title>\n<meta name=\"robots\" content=\"index, follow, max-snippet:-1, max-image-preview:large, max-video-preview:-1\" \/>\n<link rel=\"canonical\" href=\"https:\/\/tse.gastro-mis.de\/tse\/produkt\/amadeusverify\/\" \/>\n<meta property=\"og:locale\" content=\"de_DE\" \/>\n<meta property=\"og:type\" content=\"article\" \/>\n<meta property=\"og:title\" content=\"AmadeusVerify &#8226; Gastro-MIS TSE\" \/>\n<meta property=\"og:description\" content=\"Mit AmadeusVerify k\u00f6nnen Sie alle drei Pr\u00fcfungsschritte durchf\u00fchren und somit \u00fcberpr\u00fcfen, ob Sie die TSE\" \/>\n<meta property=\"og:url\" content=\"https:\/\/tse.gastro-mis.de\/tse\/produkt\/amadeusverify\/\" \/>\n<meta property=\"og:site_name\" content=\"Gastro-MIS TSE\" \/>\n<meta property=\"article:modified_time\" content=\"2025-09-01T15:17:04+00:00\" \/>\n<meta property=\"og:image\" content=\"https:\/\/tse.gastro-mis.de\/tse\/wp-content\/uploads\/2019\/09\/funktionsgrafik.jpg\" \/>\n\t<meta property=\"og:image:width\" content=\"1024\" \/>\n\t<meta property=\"og:image:height\" content=\"500\" \/>\n\t<meta property=\"og:image:type\" content=\"image\/jpeg\" \/>\n<meta name=\"twitter:card\" content=\"summary_large_image\" \/>\n<meta name=\"twitter:label1\" content=\"Gesch\u00e4tzte Lesezeit\" \/>\n\t<meta name=\"twitter:data1\" content=\"1\u00a0Minute\" \/>\n<script type=\"application\/ld+json\" class=\"yoast-schema-graph\">{\"@context\":\"https:\/\/schema.org\",\"@graph\":[{\"@type\":\"WebPage\",\"@id\":\"https:\/\/tse.gastro-mis.de\/tse\/produkt\/amadeusverify\/\",\"url\":\"https:\/\/tse.gastro-mis.de\/tse\/produkt\/amadeusverify\/\",\"name\":\"AmadeusVerify &#8226; Gastro-MIS TSE\",\"isPartOf\":{\"@id\":\"https:\/\/tse.gastro-mis.de\/tse\/#website\"},\"primaryImageOfPage\":{\"@id\":\"https:\/\/tse.gastro-mis.de\/tse\/produkt\/amadeusverify\/#primaryimage\"},\"image\":{\"@id\":\"https:\/\/tse.gastro-mis.de\/tse\/produkt\/amadeusverify\/#primaryimage\"},\"thumbnailUrl\":\"https:\/\/tse.gastro-mis.de\/tse\/wp-content\/uploads\/2019\/09\/funktionsgrafik.jpg\",\"datePublished\":\"2019-09-23T09:13:37+00:00\",\"dateModified\":\"2025-09-01T15:17:04+00:00\",\"breadcrumb\":{\"@id\":\"https:\/\/tse.gastro-mis.de\/tse\/produkt\/amadeusverify\/#breadcrumb\"},\"inLanguage\":\"de\",\"potentialAction\":[{\"@type\":\"ReadAction\",\"target\":[\"https:\/\/tse.gastro-mis.de\/tse\/produkt\/amadeusverify\/\"]}]},{\"@type\":\"ImageObject\",\"inLanguage\":\"de\",\"@id\":\"https:\/\/tse.gastro-mis.de\/tse\/produkt\/amadeusverify\/#primaryimage\",\"url\":\"https:\/\/tse.gastro-mis.de\/tse\/wp-content\/uploads\/2019\/09\/funktionsgrafik.jpg\",\"contentUrl\":\"https:\/\/tse.gastro-mis.de\/tse\/wp-content\/uploads\/2019\/09\/funktionsgrafik.jpg\",\"width\":1024,\"height\":500},{\"@type\":\"BreadcrumbList\",\"@id\":\"https:\/\/tse.gastro-mis.de\/tse\/produkt\/amadeusverify\/#breadcrumb\",\"itemListElement\":[{\"@type\":\"ListItem\",\"position\":1,\"name\":\"Startseite\",\"item\":\"https:\/\/tse.gastro-mis.de\/tse\/\"},{\"@type\":\"ListItem\",\"position\":2,\"name\":\"Shop\",\"item\":\"https:\/\/tse.gastro-mis.de\/tse\/shop\/\"},{\"@type\":\"ListItem\",\"position\":3,\"name\":\"AmadeusVerify\"}]},{\"@type\":\"WebSite\",\"@id\":\"https:\/\/tse.gastro-mis.de\/tse\/#website\",\"url\":\"https:\/\/tse.gastro-mis.de\/tse\/\",\"name\":\"Gastro-MIS TSE\",\"description\":\"TSE Module f\u00fcr Gastronomie\",\"publisher\":{\"@id\":\"https:\/\/tse.gastro-mis.de\/tse\/#organization\"},\"potentialAction\":[{\"@type\":\"SearchAction\",\"target\":{\"@type\":\"EntryPoint\",\"urlTemplate\":\"https:\/\/tse.gastro-mis.de\/tse\/?s={search_term_string}\"},\"query-input\":{\"@type\":\"PropertyValueSpecification\",\"valueRequired\":true,\"valueName\":\"search_term_string\"}}],\"inLanguage\":\"de\"},{\"@type\":\"Organization\",\"@id\":\"https:\/\/tse.gastro-mis.de\/tse\/#organization\",\"name\":\"Gastro-MIS GmbH\",\"url\":\"https:\/\/tse.gastro-mis.de\/tse\/\",\"logo\":{\"@type\":\"ImageObject\",\"inLanguage\":\"de\",\"@id\":\"https:\/\/tse.gastro-mis.de\/tse\/#\/schema\/logo\/image\/\",\"url\":\"http:\/\/tse.gastro-mis.de\/tse\/wp-content\/uploads\/2019\/07\/logo-2.png\",\"contentUrl\":\"http:\/\/tse.gastro-mis.de\/tse\/wp-content\/uploads\/2019\/07\/logo-2.png\",\"width\":261,\"height\":50,\"caption\":\"Gastro-MIS GmbH\"},\"image\":{\"@id\":\"https:\/\/tse.gastro-mis.de\/tse\/#\/schema\/logo\/image\/\"}}]}<\/script>\n<!-- \/ Yoast SEO plugin. -->","yoast_head_json":{"title":"AmadeusVerify &#8226; Gastro-MIS TSE","robots":{"index":"index","follow":"follow","max-snippet":"max-snippet:-1","max-image-preview":"max-image-preview:large","max-video-preview":"max-video-preview:-1"},"canonical":"https:\/\/tse.gastro-mis.de\/tse\/produkt\/amadeusverify\/","og_locale":"de_DE","og_type":"article","og_title":"AmadeusVerify &#8226; Gastro-MIS TSE","og_description":"Mit AmadeusVerify k\u00f6nnen Sie alle drei Pr\u00fcfungsschritte durchf\u00fchren und somit \u00fcberpr\u00fcfen, ob Sie die TSE","og_url":"https:\/\/tse.gastro-mis.de\/tse\/produkt\/amadeusverify\/","og_site_name":"Gastro-MIS TSE","article_modified_time":"2025-09-01T15:17:04+00:00","og_image":[{"width":1024,"height":500,"url":"https:\/\/tse.gastro-mis.de\/tse\/wp-content\/uploads\/2019\/09\/funktionsgrafik.jpg","type":"image\/jpeg"}],"twitter_card":"summary_large_image","twitter_misc":{"Gesch\u00e4tzte Lesezeit":"1\u00a0Minute"},"schema":{"@context":"https:\/\/schema.org","@graph":[{"@type":"WebPage","@id":"https:\/\/tse.gastro-mis.de\/tse\/produkt\/amadeusverify\/","url":"https:\/\/tse.gastro-mis.de\/tse\/produkt\/amadeusverify\/","name":"AmadeusVerify &#8226; Gastro-MIS TSE","isPartOf":{"@id":"https:\/\/tse.gastro-mis.de\/tse\/#website"},"primaryImageOfPage":{"@id":"https:\/\/tse.gastro-mis.de\/tse\/produkt\/amadeusverify\/#primaryimage"},"image":{"@id":"https:\/\/tse.gastro-mis.de\/tse\/produkt\/amadeusverify\/#primaryimage"},"thumbnailUrl":"https:\/\/tse.gastro-mis.de\/tse\/wp-content\/uploads\/2019\/09\/funktionsgrafik.jpg","datePublished":"2019-09-23T09:13:37+00:00","dateModified":"2025-09-01T15:17:04+00:00","breadcrumb":{"@id":"https:\/\/tse.gastro-mis.de\/tse\/produkt\/amadeusverify\/#breadcrumb"},"inLanguage":"de","potentialAction":[{"@type":"ReadAction","target":["https:\/\/tse.gastro-mis.de\/tse\/produkt\/amadeusverify\/"]}]},{"@type":"ImageObject","inLanguage":"de","@id":"https:\/\/tse.gastro-mis.de\/tse\/produkt\/amadeusverify\/#primaryimage","url":"https:\/\/tse.gastro-mis.de\/tse\/wp-content\/uploads\/2019\/09\/funktionsgrafik.jpg","contentUrl":"https:\/\/tse.gastro-mis.de\/tse\/wp-content\/uploads\/2019\/09\/funktionsgrafik.jpg","width":1024,"height":500},{"@type":"BreadcrumbList","@id":"https:\/\/tse.gastro-mis.de\/tse\/produkt\/amadeusverify\/#breadcrumb","itemListElement":[{"@type":"ListItem","position":1,"name":"Startseite","item":"https:\/\/tse.gastro-mis.de\/tse\/"},{"@type":"ListItem","position":2,"name":"Shop","item":"https:\/\/tse.gastro-mis.de\/tse\/shop\/"},{"@type":"ListItem","position":3,"name":"AmadeusVerify"}]},{"@type":"WebSite","@id":"https:\/\/tse.gastro-mis.de\/tse\/#website","url":"https:\/\/tse.gastro-mis.de\/tse\/","name":"Gastro-MIS TSE","description":"TSE Module f\u00fcr Gastronomie","publisher":{"@id":"https:\/\/tse.gastro-mis.de\/tse\/#organization"},"potentialAction":[{"@type":"SearchAction","target":{"@type":"EntryPoint","urlTemplate":"https:\/\/tse.gastro-mis.de\/tse\/?s={search_term_string}"},"query-input":{"@type":"PropertyValueSpecification","valueRequired":true,"valueName":"search_term_string"}}],"inLanguage":"de"},{"@type":"Organization","@id":"https:\/\/tse.gastro-mis.de\/tse\/#organization","name":"Gastro-MIS GmbH","url":"https:\/\/tse.gastro-mis.de\/tse\/","logo":{"@type":"ImageObject","inLanguage":"de","@id":"https:\/\/tse.gastro-mis.de\/tse\/#\/schema\/logo\/image\/","url":"http:\/\/tse.gastro-mis.de\/tse\/wp-content\/uploads\/2019\/07\/logo-2.png","contentUrl":"http:\/\/tse.gastro-mis.de\/tse\/wp-content\/uploads\/2019\/07\/logo-2.png","width":261,"height":50,"caption":"Gastro-MIS GmbH"},"image":{"@id":"https:\/\/tse.gastro-mis.de\/tse\/#\/schema\/logo\/image\/"}}]}},"_links":{"self":[{"href":"https:\/\/tse.gastro-mis.de\/tse\/wp-json\/wp\/v2\/product\/5201","targetHints":{"allow":["GET"]}}],"collection":[{"href":"https:\/\/tse.gastro-mis.de\/tse\/wp-json\/wp\/v2\/product"}],"about":[{"href":"https:\/\/tse.gastro-mis.de\/tse\/wp-json\/wp\/v2\/types\/product"}],"wp:featuredmedia":[{"embeddable":true,"href":"https:\/\/tse.gastro-mis.de\/tse\/wp-json\/wp\/v2\/media\/5251"}],"wp:attachment":[{"href":"https:\/\/tse.gastro-mis.de\/tse\/wp-json\/wp\/v2\/media?parent=5201"}],"wp:term":[{"taxonomy":"product_brand","embeddable":true,"href":"https:\/\/tse.gastro-mis.de\/tse\/wp-json\/wp\/v2\/product_brand?post=5201"},{"taxonomy":"product_cat","embeddable":true,"href":"https:\/\/tse.gastro-mis.de\/tse\/wp-json\/wp\/v2\/product_cat?post=5201"},{"taxonomy":"product_tag","embeddable":true,"href":"https:\/\/tse.gastro-mis.de\/tse\/wp-json\/wp\/v2\/product_tag?post=5201"}],"curies":[{"name":"wp","href":"https:\/\/api.w.org\/{rel}","templated":true}]}}