{"id":27565,"date":"2025-04-29T08:56:16","date_gmt":"2025-04-29T06:56:16","guid":{"rendered":"https:\/\/tse.gastro-mis.de\/tse\/?post_type=product&#038;p=27565"},"modified":"2025-04-29T14:37:09","modified_gmt":"2025-04-29T12:37:09","slug":"voucher-swissbit-meldeverfahren","status":"publish","type":"product","link":"https:\/\/tse.gastro-mis.de\/tse\/produkt\/voucher-swissbit-meldeverfahren\/","title":{"rendered":"Voucher f\u00fcr SWISSBIT Meldeverfahren"},"content":{"rendered":"<p>Voucher\/Gutscheincodes f\u00fcr die Meldung einer Betriebsst\u00e4tte (beliebig viele Kassen). Mit diesem Gutscheincode k\u00f6nnen Sie auf https:\/\/kassenmeldung.swissbit.com\/ die xml-Datei f\u00fcr die Kassenmeldung schnell und einfach erzeugen. Weitere Informationen k\u00f6nnen sie auch dem Flyer im Anhang entnehmen.<\/p>\n<p><a href=\"http:\/\/tse.gastro-mis.de\/tse\/wp-content\/uploads\/2025\/04\/Flyer_Kassenmeldung_Swissbit_v1.4-1.pdf\">Flyer_Kassenmeldung_Swissbit_v1.4-1<\/a><\/p>\n","protected":false},"excerpt":{"rendered":"<p>Voucher\/Gutscheincodes f\u00fcr die Meldung einer Betriebsst\u00e4tte (beliebig viele Kassen). Mit diesem Gutscheincode k\u00f6nnen Sie auf<\/p>\n","protected":false},"featured_media":27573,"template":"","meta":[],"product_brand":[],"product_cat":[57],"product_tag":[],"class_list":{"0":"post-27565","1":"product","2":"type-product","3":"status-publish","4":"has-post-thumbnail","6":"product_cat-softwareprodukte","8":"first","9":"instock","10":"virtual","11":"taxable","12":"purchasable","13":"product-type-simple"},"yoast_head":"<!-- This site is optimized with the Yoast SEO plugin v25.8 - https:\/\/yoast.com\/wordpress\/plugins\/seo\/ -->\n<title>Voucher f\u00fcr SWISSBIT Meldeverfahren &#8226; Gastro-MIS TSE<\/title>\n<meta name=\"robots\" content=\"index, follow, max-snippet:-1, max-image-preview:large, max-video-preview:-1\" \/>\n<link rel=\"canonical\" href=\"https:\/\/tse.gastro-mis.de\/tse\/produkt\/voucher-swissbit-meldeverfahren\/\" \/>\n<meta property=\"og:locale\" content=\"de_DE\" \/>\n<meta property=\"og:type\" content=\"article\" \/>\n<meta property=\"og:title\" content=\"Voucher f\u00fcr SWISSBIT Meldeverfahren &#8226; Gastro-MIS TSE\" \/>\n<meta property=\"og:description\" content=\"Voucher\/Gutscheincodes f\u00fcr die Meldung einer Betriebsst\u00e4tte (beliebig viele Kassen). Mit diesem Gutscheincode k\u00f6nnen Sie auf\" \/>\n<meta property=\"og:url\" content=\"https:\/\/tse.gastro-mis.de\/tse\/produkt\/voucher-swissbit-meldeverfahren\/\" \/>\n<meta property=\"og:site_name\" content=\"Gastro-MIS TSE\" \/>\n<meta property=\"article:modified_time\" content=\"2025-04-29T12:37:09+00:00\" \/>\n<meta property=\"og:image\" content=\"https:\/\/tse.gastro-mis.de\/tse\/wp-content\/uploads\/2025\/04\/swissbit_KaMel_Logo_rgb.jpg\" \/>\n\t<meta property=\"og:image:width\" content=\"2400\" \/>\n\t<meta property=\"og:image:height\" content=\"2400\" \/>\n\t<meta property=\"og:image:type\" content=\"image\/jpeg\" \/>\n<meta name=\"twitter:card\" content=\"summary_large_image\" \/>\n<meta name=\"twitter:label1\" content=\"Gesch\u00e4tzte Lesezeit\" \/>\n\t<meta name=\"twitter:data1\" content=\"1\u00a0Minute\" \/>\n<script type=\"application\/ld+json\" class=\"yoast-schema-graph\">{\"@context\":\"https:\/\/schema.org\",\"@graph\":[{\"@type\":\"WebPage\",\"@id\":\"https:\/\/tse.gastro-mis.de\/tse\/produkt\/voucher-swissbit-meldeverfahren\/\",\"url\":\"https:\/\/tse.gastro-mis.de\/tse\/produkt\/voucher-swissbit-meldeverfahren\/\",\"name\":\"Voucher f\u00fcr SWISSBIT Meldeverfahren &#8226; Gastro-MIS TSE\",\"isPartOf\":{\"@id\":\"https:\/\/tse.gastro-mis.de\/tse\/#website\"},\"primaryImageOfPage\":{\"@id\":\"https:\/\/tse.gastro-mis.de\/tse\/produkt\/voucher-swissbit-meldeverfahren\/#primaryimage\"},\"image\":{\"@id\":\"https:\/\/tse.gastro-mis.de\/tse\/produkt\/voucher-swissbit-meldeverfahren\/#primaryimage\"},\"thumbnailUrl\":\"https:\/\/tse.gastro-mis.de\/tse\/wp-content\/uploads\/2025\/04\/swissbit_KaMel_Logo_rgb.jpg\",\"datePublished\":\"2025-04-29T06:56:16+00:00\",\"dateModified\":\"2025-04-29T12:37:09+00:00\",\"breadcrumb\":{\"@id\":\"https:\/\/tse.gastro-mis.de\/tse\/produkt\/voucher-swissbit-meldeverfahren\/#breadcrumb\"},\"inLanguage\":\"de\",\"potentialAction\":[{\"@type\":\"ReadAction\",\"target\":[\"https:\/\/tse.gastro-mis.de\/tse\/produkt\/voucher-swissbit-meldeverfahren\/\"]}]},{\"@type\":\"ImageObject\",\"inLanguage\":\"de\",\"@id\":\"https:\/\/tse.gastro-mis.de\/tse\/produkt\/voucher-swissbit-meldeverfahren\/#primaryimage\",\"url\":\"https:\/\/tse.gastro-mis.de\/tse\/wp-content\/uploads\/2025\/04\/swissbit_KaMel_Logo_rgb.jpg\",\"contentUrl\":\"https:\/\/tse.gastro-mis.de\/tse\/wp-content\/uploads\/2025\/04\/swissbit_KaMel_Logo_rgb.jpg\",\"width\":2400,\"height\":2400},{\"@type\":\"BreadcrumbList\",\"@id\":\"https:\/\/tse.gastro-mis.de\/tse\/produkt\/voucher-swissbit-meldeverfahren\/#breadcrumb\",\"itemListElement\":[{\"@type\":\"ListItem\",\"position\":1,\"name\":\"Startseite\",\"item\":\"https:\/\/tse.gastro-mis.de\/tse\/\"},{\"@type\":\"ListItem\",\"position\":2,\"name\":\"Shop\",\"item\":\"https:\/\/tse.gastro-mis.de\/tse\/shop\/\"},{\"@type\":\"ListItem\",\"position\":3,\"name\":\"Voucher f\u00fcr SWISSBIT Meldeverfahren\"}]},{\"@type\":\"WebSite\",\"@id\":\"https:\/\/tse.gastro-mis.de\/tse\/#website\",\"url\":\"https:\/\/tse.gastro-mis.de\/tse\/\",\"name\":\"Gastro-MIS TSE\",\"description\":\"TSE Module f\u00fcr Gastronomie\",\"publisher\":{\"@id\":\"https:\/\/tse.gastro-mis.de\/tse\/#organization\"},\"potentialAction\":[{\"@type\":\"SearchAction\",\"target\":{\"@type\":\"EntryPoint\",\"urlTemplate\":\"https:\/\/tse.gastro-mis.de\/tse\/?s={search_term_string}\"},\"query-input\":{\"@type\":\"PropertyValueSpecification\",\"valueRequired\":true,\"valueName\":\"search_term_string\"}}],\"inLanguage\":\"de\"},{\"@type\":\"Organization\",\"@id\":\"https:\/\/tse.gastro-mis.de\/tse\/#organization\",\"name\":\"Gastro-MIS GmbH\",\"url\":\"https:\/\/tse.gastro-mis.de\/tse\/\",\"logo\":{\"@type\":\"ImageObject\",\"inLanguage\":\"de\",\"@id\":\"https:\/\/tse.gastro-mis.de\/tse\/#\/schema\/logo\/image\/\",\"url\":\"http:\/\/tse.gastro-mis.de\/tse\/wp-content\/uploads\/2019\/07\/logo-2.png\",\"contentUrl\":\"http:\/\/tse.gastro-mis.de\/tse\/wp-content\/uploads\/2019\/07\/logo-2.png\",\"width\":261,\"height\":50,\"caption\":\"Gastro-MIS GmbH\"},\"image\":{\"@id\":\"https:\/\/tse.gastro-mis.de\/tse\/#\/schema\/logo\/image\/\"}}]}<\/script>\n<!-- \/ Yoast SEO plugin. -->","yoast_head_json":{"title":"Voucher f\u00fcr SWISSBIT Meldeverfahren &#8226; Gastro-MIS TSE","robots":{"index":"index","follow":"follow","max-snippet":"max-snippet:-1","max-image-preview":"max-image-preview:large","max-video-preview":"max-video-preview:-1"},"canonical":"https:\/\/tse.gastro-mis.de\/tse\/produkt\/voucher-swissbit-meldeverfahren\/","og_locale":"de_DE","og_type":"article","og_title":"Voucher f\u00fcr SWISSBIT Meldeverfahren &#8226; Gastro-MIS TSE","og_description":"Voucher\/Gutscheincodes f\u00fcr die Meldung einer Betriebsst\u00e4tte (beliebig viele Kassen). Mit diesem Gutscheincode k\u00f6nnen Sie auf","og_url":"https:\/\/tse.gastro-mis.de\/tse\/produkt\/voucher-swissbit-meldeverfahren\/","og_site_name":"Gastro-MIS TSE","article_modified_time":"2025-04-29T12:37:09+00:00","og_image":[{"width":2400,"height":2400,"url":"https:\/\/tse.gastro-mis.de\/tse\/wp-content\/uploads\/2025\/04\/swissbit_KaMel_Logo_rgb.jpg","type":"image\/jpeg"}],"twitter_card":"summary_large_image","twitter_misc":{"Gesch\u00e4tzte Lesezeit":"1\u00a0Minute"},"schema":{"@context":"https:\/\/schema.org","@graph":[{"@type":"WebPage","@id":"https:\/\/tse.gastro-mis.de\/tse\/produkt\/voucher-swissbit-meldeverfahren\/","url":"https:\/\/tse.gastro-mis.de\/tse\/produkt\/voucher-swissbit-meldeverfahren\/","name":"Voucher f\u00fcr SWISSBIT Meldeverfahren &#8226; Gastro-MIS TSE","isPartOf":{"@id":"https:\/\/tse.gastro-mis.de\/tse\/#website"},"primaryImageOfPage":{"@id":"https:\/\/tse.gastro-mis.de\/tse\/produkt\/voucher-swissbit-meldeverfahren\/#primaryimage"},"image":{"@id":"https:\/\/tse.gastro-mis.de\/tse\/produkt\/voucher-swissbit-meldeverfahren\/#primaryimage"},"thumbnailUrl":"https:\/\/tse.gastro-mis.de\/tse\/wp-content\/uploads\/2025\/04\/swissbit_KaMel_Logo_rgb.jpg","datePublished":"2025-04-29T06:56:16+00:00","dateModified":"2025-04-29T12:37:09+00:00","breadcrumb":{"@id":"https:\/\/tse.gastro-mis.de\/tse\/produkt\/voucher-swissbit-meldeverfahren\/#breadcrumb"},"inLanguage":"de","potentialAction":[{"@type":"ReadAction","target":["https:\/\/tse.gastro-mis.de\/tse\/produkt\/voucher-swissbit-meldeverfahren\/"]}]},{"@type":"ImageObject","inLanguage":"de","@id":"https:\/\/tse.gastro-mis.de\/tse\/produkt\/voucher-swissbit-meldeverfahren\/#primaryimage","url":"https:\/\/tse.gastro-mis.de\/tse\/wp-content\/uploads\/2025\/04\/swissbit_KaMel_Logo_rgb.jpg","contentUrl":"https:\/\/tse.gastro-mis.de\/tse\/wp-content\/uploads\/2025\/04\/swissbit_KaMel_Logo_rgb.jpg","width":2400,"height":2400},{"@type":"BreadcrumbList","@id":"https:\/\/tse.gastro-mis.de\/tse\/produkt\/voucher-swissbit-meldeverfahren\/#breadcrumb","itemListElement":[{"@type":"ListItem","position":1,"name":"Startseite","item":"https:\/\/tse.gastro-mis.de\/tse\/"},{"@type":"ListItem","position":2,"name":"Shop","item":"https:\/\/tse.gastro-mis.de\/tse\/shop\/"},{"@type":"ListItem","position":3,"name":"Voucher f\u00fcr SWISSBIT Meldeverfahren"}]},{"@type":"WebSite","@id":"https:\/\/tse.gastro-mis.de\/tse\/#website","url":"https:\/\/tse.gastro-mis.de\/tse\/","name":"Gastro-MIS TSE","description":"TSE Module f\u00fcr Gastronomie","publisher":{"@id":"https:\/\/tse.gastro-mis.de\/tse\/#organization"},"potentialAction":[{"@type":"SearchAction","target":{"@type":"EntryPoint","urlTemplate":"https:\/\/tse.gastro-mis.de\/tse\/?s={search_term_string}"},"query-input":{"@type":"PropertyValueSpecification","valueRequired":true,"valueName":"search_term_string"}}],"inLanguage":"de"},{"@type":"Organization","@id":"https:\/\/tse.gastro-mis.de\/tse\/#organization","name":"Gastro-MIS GmbH","url":"https:\/\/tse.gastro-mis.de\/tse\/","logo":{"@type":"ImageObject","inLanguage":"de","@id":"https:\/\/tse.gastro-mis.de\/tse\/#\/schema\/logo\/image\/","url":"http:\/\/tse.gastro-mis.de\/tse\/wp-content\/uploads\/2019\/07\/logo-2.png","contentUrl":"http:\/\/tse.gastro-mis.de\/tse\/wp-content\/uploads\/2019\/07\/logo-2.png","width":261,"height":50,"caption":"Gastro-MIS GmbH"},"image":{"@id":"https:\/\/tse.gastro-mis.de\/tse\/#\/schema\/logo\/image\/"}}]}},"_links":{"self":[{"href":"https:\/\/tse.gastro-mis.de\/tse\/wp-json\/wp\/v2\/product\/27565","targetHints":{"allow":["GET"]}}],"collection":[{"href":"https:\/\/tse.gastro-mis.de\/tse\/wp-json\/wp\/v2\/product"}],"about":[{"href":"https:\/\/tse.gastro-mis.de\/tse\/wp-json\/wp\/v2\/types\/product"}],"wp:featuredmedia":[{"embeddable":true,"href":"https:\/\/tse.gastro-mis.de\/tse\/wp-json\/wp\/v2\/media\/27573"}],"wp:attachment":[{"href":"https:\/\/tse.gastro-mis.de\/tse\/wp-json\/wp\/v2\/media?parent=27565"}],"wp:term":[{"taxonomy":"product_brand","embeddable":true,"href":"https:\/\/tse.gastro-mis.de\/tse\/wp-json\/wp\/v2\/product_brand?post=27565"},{"taxonomy":"product_cat","embeddable":true,"href":"https:\/\/tse.gastro-mis.de\/tse\/wp-json\/wp\/v2\/product_cat?post=27565"},{"taxonomy":"product_tag","embeddable":true,"href":"https:\/\/tse.gastro-mis.de\/tse\/wp-json\/wp\/v2\/product_tag?post=27565"}],"curies":[{"name":"wp","href":"https:\/\/api.w.org\/{rel}","templated":true}]}}